{"id":2064,"date":"2025-11-20T09:20:05","date_gmt":"2025-11-20T09:20:05","guid":{"rendered":"https:\/\/standoutworld.shop\/?post_type=product&#038;p=2064"},"modified":"2025-11-20T09:20:40","modified_gmt":"2025-11-20T09:20:40","slug":"fanttikride-n7-electric-wiggle-car-ride-on-toy-with-pedal-for-kids","status":"publish","type":"product","link":"https:\/\/standoutworld.shop\/es\/producto\/fanttikride-n7-electric-wiggle-car-ride-on-toy-with-pedal-for-kids\/","title":{"rendered":"FanttikRide N7 Coche el\u00e9ctrico con pedales para ni\u00f1os"},"content":{"rendered":"<p><img fetchpriority=\"high\" decoding=\"async\" width=\"1024\" height=\"420\" src=\"https:\/\/newbotay.shop\/wp-content\/uploads\/2025\/10\/e4964814-715b-45b2-9ed1-d0c7c5e4f493.__CR101464600_PT0_SX1464_V1___-1024x420.jpg\" alt=\"\" srcset=\"https:\/\/newbotay.shop\/wp-content\/uploads\/2025\/10\/e4964814-715b-45b2-9ed1-d0c7c5e4f493.__CR101464600_PT0_SX1464_V1___-1024x420.jpg 1024w, https:\/\/newbotay.shop\/wp-content\/uploads\/2025\/10\/e4964814-715b-45b2-9ed1-d0c7c5e4f493.__CR101464600_PT0_SX1464_V1___-300x123.jpg 300w, https:\/\/newbotay.shop\/wp-content\/uploads\/2025\/10\/e4964814-715b-45b2-9ed1-d0c7c5e4f493.__CR101464600_PT0_SX1464_V1___-768x315.jpg 768w, https:\/\/newbotay.shop\/wp-content\/uploads\/2025\/10\/e4964814-715b-45b2-9ed1-d0c7c5e4f493.__CR101464600_PT0_SX1464_V1___-18x7.jpg 18w, https:\/\/newbotay.shop\/wp-content\/uploads\/2025\/10\/e4964814-715b-45b2-9ed1-d0c7c5e4f493.__CR101464600_PT0_SX1464_V1___-60x25.jpg 60w, https:\/\/newbotay.shop\/wp-content\/uploads\/2025\/10\/e4964814-715b-45b2-9ed1-d0c7c5e4f493.__CR101464600_PT0_SX1464_V1___-110x45.jpg 110w, https:\/\/newbotay.shop\/wp-content\/uploads\/2025\/10\/e4964814-715b-45b2-9ed1-d0c7c5e4f493.__CR101464600_PT0_SX1464_V1___-600x246.jpg 600w, https:\/\/newbotay.shop\/wp-content\/uploads\/2025\/10\/e4964814-715b-45b2-9ed1-d0c7c5e4f493.__CR101464600_PT0_SX1464_V1___-130x53.jpg 130w, https:\/\/newbotay.shop\/wp-content\/uploads\/2025\/10\/e4964814-715b-45b2-9ed1-d0c7c5e4f493.__CR101464600_PT0_SX1464_V1___.jpg 1464w\" sizes=\"(max-width: 1024px) 100vw, 1024px\" \/><br \/>\n\t\t\t\t\t\t\t\t\t\t\t\t\t<img decoding=\"async\" width=\"1024\" height=\"420\" src=\"https:\/\/newbotay.shop\/wp-content\/uploads\/2025\/10\/ad6f69f1-9918-4037-b8d5-5e31573b11ff.__CR101464600_PT0_SX1464_V1___-1024x420.jpg\" alt=\"\" srcset=\"https:\/\/newbotay.shop\/wp-content\/uploads\/2025\/10\/ad6f69f1-9918-4037-b8d5-5e31573b11ff.__CR101464600_PT0_SX1464_V1___-1024x420.jpg 1024w, https:\/\/newbotay.shop\/wp-content\/uploads\/2025\/10\/ad6f69f1-9918-4037-b8d5-5e31573b11ff.__CR101464600_PT0_SX1464_V1___-300x123.jpg 300w, https:\/\/newbotay.shop\/wp-content\/uploads\/2025\/10\/ad6f69f1-9918-4037-b8d5-5e31573b11ff.__CR101464600_PT0_SX1464_V1___-768x315.jpg 768w, https:\/\/newbotay.shop\/wp-content\/uploads\/2025\/10\/ad6f69f1-9918-4037-b8d5-5e31573b11ff.__CR101464600_PT0_SX1464_V1___-18x7.jpg 18w, https:\/\/newbotay.shop\/wp-content\/uploads\/2025\/10\/ad6f69f1-9918-4037-b8d5-5e31573b11ff.__CR101464600_PT0_SX1464_V1___-60x25.jpg 60w, https:\/\/newbotay.shop\/wp-content\/uploads\/2025\/10\/ad6f69f1-9918-4037-b8d5-5e31573b11ff.__CR101464600_PT0_SX1464_V1___-110x45.jpg 110w, https:\/\/newbotay.shop\/wp-content\/uploads\/2025\/10\/ad6f69f1-9918-4037-b8d5-5e31573b11ff.__CR101464600_PT0_SX1464_V1___-600x246.jpg 600w, https:\/\/newbotay.shop\/wp-content\/uploads\/2025\/10\/ad6f69f1-9918-4037-b8d5-5e31573b11ff.__CR101464600_PT0_SX1464_V1___-130x53.jpg 130w, https:\/\/newbotay.shop\/wp-content\/uploads\/2025\/10\/ad6f69f1-9918-4037-b8d5-5e31573b11ff.__CR101464600_PT0_SX1464_V1___.jpg 1464w\" sizes=\"(max-width: 1024px) 100vw, 1024px\" \/><br \/>\n\t\t\t\t\t\t\t\t\t\t\t\t\t<img decoding=\"async\" width=\"1024\" height=\"420\" src=\"https:\/\/newbotay.shop\/wp-content\/uploads\/2025\/10\/7603dd87-6f50-478e-9885-4faa826f615f.__CR001464600_PT0_SX1464_V1___-1024x420.jpg\" alt=\"\" srcset=\"https:\/\/newbotay.shop\/wp-content\/uploads\/2025\/10\/7603dd87-6f50-478e-9885-4faa826f615f.__CR001464600_PT0_SX1464_V1___-1024x420.jpg 1024w, https:\/\/newbotay.shop\/wp-content\/uploads\/2025\/10\/7603dd87-6f50-478e-9885-4faa826f615f.__CR001464600_PT0_SX1464_V1___-300x123.jpg 300w, https:\/\/newbotay.shop\/wp-content\/uploads\/2025\/10\/7603dd87-6f50-478e-9885-4faa826f615f.__CR001464600_PT0_SX1464_V1___-768x315.jpg 768w, https:\/\/newbotay.shop\/wp-content\/uploads\/2025\/10\/7603dd87-6f50-478e-9885-4faa826f615f.__CR001464600_PT0_SX1464_V1___-18x7.jpg 18w, https:\/\/newbotay.shop\/wp-content\/uploads\/2025\/10\/7603dd87-6f50-478e-9885-4faa826f615f.__CR001464600_PT0_SX1464_V1___-60x25.jpg 60w, https:\/\/newbotay.shop\/wp-content\/uploads\/2025\/10\/7603dd87-6f50-478e-9885-4faa826f615f.__CR001464600_PT0_SX1464_V1___-110x45.jpg 110w, https:\/\/newbotay.shop\/wp-content\/uploads\/2025\/10\/7603dd87-6f50-478e-9885-4faa826f615f.__CR001464600_PT0_SX1464_V1___-600x246.jpg 600w, https:\/\/newbotay.shop\/wp-content\/uploads\/2025\/10\/7603dd87-6f50-478e-9885-4faa826f615f.__CR001464600_PT0_SX1464_V1___-130x53.jpg 130w, https:\/\/newbotay.shop\/wp-content\/uploads\/2025\/10\/7603dd87-6f50-478e-9885-4faa826f615f.__CR001464600_PT0_SX1464_V1___.jpg 1464w\" sizes=\"(max-width: 1024px) 100vw, 1024px\" \/>\t\t\t\t\t\t\t\t\t\t\t\t\t<\/p>\n<ul>\n<li>Control de 360\u00b0 y coche columpio 2 en 1: Deje que su hijo disfrute de un control de 360\u00b0 con ruedas giratorias suaves y un volante con gran capacidad de respuesta en este correpasillos el\u00e9ctrico para ni\u00f1os. Cambia entre el modo el\u00e9ctrico (pisa el pedal) o el modo manual (conduce o desl\u00edzate) para aventuras en interiores y exteriores. Perfecto para los ni\u00f1os a los que les encanta el correpasillos.<\/li>\n<li>2 velocidades y dise\u00f1o antivuelco: Alimentado por una bater\u00eda de 12V y un motor de 45W, este coche el\u00e9ctrico biplaza para ni\u00f1os alcanza velocidades de hasta 4 mph (velocidad baja: 1,9 mph). Cuenta con un chasis antivuelco de estilo piramidal, ruedas traseras mejoradas y un sistema de amortiguaci\u00f3n con muelles para mayor estabilidad, \u00a1lo que lo convierte en uno de los coches el\u00e9ctricos para ni\u00f1os m\u00e1s seguros del mercado!<\/li>\n<li>Ruedas parpadeantes y Bluetooth: Las coloridas ruedas magn\u00e9ticas parpadeantes y las luces LED delanteras hacen que este coche el\u00e9ctrico para ni\u00f1os destaque. Con conectividad Bluetooth, controle el volumen y reproduzca las canciones favoritas de su hijo para un paseo m\u00e1s divertido. Las ruedas de PU garantizan un deslizamiento suave sin rayar el suelo, \u00a1ideal para jugar en interiores y exteriores!<\/li>\n<li>Perfecto para ni\u00f1os y adultos: Estimula la imaginaci\u00f3n, el equilibrio y la coordinaci\u00f3n de los m\u00e1s peque\u00f1os. Este coche para ni\u00f1os se adapta a alturas de hasta 69 pulgadas y soporta pesos de hasta 150 libras, \u00a1por lo que es ideal para que dos ni\u00f1os o incluso adultos se unan a la diversi\u00f3n! Un correpasillos el\u00e9ctrico imprescindible para unir a la familia.<\/li>\n<\/ul>","protected":false},"excerpt":{"rendered":"<p>Control de 360\u00b0 y coche columpio 2 en 1: Deje que su hijo disfrute de un control de 360\u00b0 con ruedas giratorias suaves y un volante con gran capacidad de respuesta en este correpasillos el\u00e9ctrico para ni\u00f1os. Cambia entre el modo el\u00e9ctrico (pisa el pedal) o el modo manual (conduce o desl\u00edzate) para aventuras en interiores y exteriores. Perfecto para los ni\u00f1os a los que les encanta la acci\u00f3n del coche el\u00e9ctrico. 2 velocidades y [...]<\/p>","protected":false},"featured_media":2065,"comment_status":"open","ping_status":"closed","template":"","meta":{"_acf_changed":false},"product_brand":[],"product_cat":[47],"product_tag":[],"class_list":{"0":"post-2064","1":"product","2":"type-product","3":"status-publish","4":"has-post-thumbnail","6":"product_cat-best-seller","8":"first","9":"instock","10":"sale","11":"shipping-taxable","12":"purchasable","13":"product-type-simple"},"acf":[],"_links":{"self":[{"href":"https:\/\/standoutworld.shop\/es\/wp-json\/wp\/v2\/product\/2064","targetHints":{"allow":["GET"]}}],"collection":[{"href":"https:\/\/standoutworld.shop\/es\/wp-json\/wp\/v2\/product"}],"about":[{"href":"https:\/\/standoutworld.shop\/es\/wp-json\/wp\/v2\/types\/product"}],"replies":[{"embeddable":true,"href":"https:\/\/standoutworld.shop\/es\/wp-json\/wp\/v2\/comments?post=2064"}],"version-history":[{"count":1,"href":"https:\/\/standoutworld.shop\/es\/wp-json\/wp\/v2\/product\/2064\/revisions"}],"predecessor-version":[{"id":2066,"href":"https:\/\/standoutworld.shop\/es\/wp-json\/wp\/v2\/product\/2064\/revisions\/2066"}],"wp:featuredmedia":[{"embeddable":true,"href":"https:\/\/standoutworld.shop\/es\/wp-json\/wp\/v2\/media\/2065"}],"wp:attachment":[{"href":"https:\/\/standoutworld.shop\/es\/wp-json\/wp\/v2\/media?parent=2064"}],"wp:term":[{"taxonomy":"product_brand","embeddable":true,"href":"https:\/\/standoutworld.shop\/es\/wp-json\/wp\/v2\/product_brand?post=2064"},{"taxonomy":"product_cat","embeddable":true,"href":"https:\/\/standoutworld.shop\/es\/wp-json\/wp\/v2\/product_cat?post=2064"},{"taxonomy":"product_tag","embeddable":true,"href":"https:\/\/standoutworld.shop\/es\/wp-json\/wp\/v2\/product_tag?post=2064"}],"curies":[{"name":"wp","href":"https:\/\/api.w.org\/{rel}","templated":true}]}}