{"id":2075,"date":"2025-12-21T05:49:56","date_gmt":"2025-12-21T05:49:56","guid":{"rendered":"https:\/\/standoutworld.shop\/?post_type=product&#038;p=2075"},"modified":"2026-02-09T15:34:49","modified_gmt":"2026-02-09T15:34:49","slug":"recipientes-de-cristal-para-alimentos-24-piezas-12-recipientes-y-12-tapas-apto-lavavajillas","status":"publish","type":"product","link":"https:\/\/standoutworld.shop\/es\/producto\/recipientes-de-cristal-para-alimentos-24-piezas-12-recipientes-y-12-tapas-apto-lavavajillas\/","title":{"rendered":"Recipientes de Cristal Para Alimentos - 24 Piezas (12 recipientes y 12 tapas) - Apto lavavajillas"},"content":{"rendered":"<div data-elementor-type=\"product-post\" data-elementor-id=\"2075\" class=\"elementor elementor-2075\" data-elementor-post-type=\"product\">\n\t\t\t\t<div class=\"elementor-element elementor-element-67990802 e-flex e-con-boxed e-con e-parent\" data-id=\"67990802\" data-element_type=\"container\" data-settings=\"{&quot;ekit_has_onepagescroll_dot&quot;:&quot;yes&quot;}\">\n\t\t\t\t\t<div class=\"e-con-inner\">\n\t\t<div class=\"elementor-element elementor-element-19b5cd88 e-con-full e-flex e-con e-child\" data-id=\"19b5cd88\" data-element_type=\"container\" data-settings=\"{&quot;ekit_has_onepagescroll_dot&quot;:&quot;yes&quot;}\">\n\t\t\t\t<div class=\"elementor-element elementor-element-613a64bf elementor-widget__width-initial elementor-widget elementor-widget-image\" data-id=\"613a64bf\" data-element_type=\"widget\" data-settings=\"{&quot;ekit_we_effect_on&quot;:&quot;none&quot;}\" data-widget_type=\"image.default\">\n\t\t\t\t<div class=\"elementor-widget-container\">\n\t\t\t\t\t\t\t\t\t\t\t\t\t\t\t<img fetchpriority=\"high\" decoding=\"async\" width=\"800\" height=\"495\" src=\"https:\/\/standoutworld.shop\/wp-content\/uploads\/2026\/02\/1a39d6c8-0d7b-4314-8c06-3051d6a4bb74.__CR00970600_PT0_SX970_V1___.jpg\" class=\"attachment-large size-large wp-image-4028 wvs-archive-product-image\" alt=\"\" srcset=\"https:\/\/standoutworld.shop\/wp-content\/uploads\/2026\/02\/1a39d6c8-0d7b-4314-8c06-3051d6a4bb74.__CR00970600_PT0_SX970_V1___.jpg 970w, https:\/\/standoutworld.shop\/wp-content\/uploads\/2026\/02\/1a39d6c8-0d7b-4314-8c06-3051d6a4bb74.__CR00970600_PT0_SX970_V1___-300x186.jpg 300w, https:\/\/standoutworld.shop\/wp-content\/uploads\/2026\/02\/1a39d6c8-0d7b-4314-8c06-3051d6a4bb74.__CR00970600_PT0_SX970_V1___-768x475.jpg 768w, https:\/\/standoutworld.shop\/wp-content\/uploads\/2026\/02\/1a39d6c8-0d7b-4314-8c06-3051d6a4bb74.__CR00970600_PT0_SX970_V1___-18x12.jpg 18w, https:\/\/standoutworld.shop\/wp-content\/uploads\/2026\/02\/1a39d6c8-0d7b-4314-8c06-3051d6a4bb74.__CR00970600_PT0_SX970_V1___-600x371.jpg 600w\" sizes=\"(max-width: 800px) 100vw, 800px\" \/>\t\t\t\t\t\t\t\t\t\t\t\t\t\t\t<\/div>\n\t\t\t\t<\/div>\n\t\t\t\t<\/div>\n\t\t<div class=\"elementor-element elementor-element-49a54c53 e-con-full e-flex e-con e-child\" data-id=\"49a54c53\" data-element_type=\"container\" data-settings=\"{&quot;ekit_has_onepagescroll_dot&quot;:&quot;yes&quot;}\">\n\t\t\t\t<div class=\"elementor-element elementor-element-219f5d08 elementor-widget__width-initial elementor-widget elementor-widget-text-editor\" data-id=\"219f5d08\" data-element_type=\"widget\" data-settings=\"{&quot;ekit_we_effect_on&quot;:&quot;none&quot;}\" data-widget_type=\"text-editor.default\">\n\t\t\t\t<div class=\"elementor-widget-container\">\n\t\t\t\t\t\t\t\t\t<ul class=\"a-unordered-list a-vertical a-spacing-mini\">\n \t<li class=\"a-spacing-mini\">\n<h6><span class=\"a-list-item\">Multiusos: incluye 5 recipientes grandes de 32 onzas y 5 recipientes peque\u00f1os de 12 onzas para opciones de almacenamiento vers\u00e1tiles. Ideal para preparar comidas, sobras y almacenar varios alimentos para su uso en la cocina, la oficina o sobre la marcha.<\/span><\/h6>\n<\/li>\n \t<li class=\"a-spacing-mini\">\n<h6><span class=\"a-list-item\">Dise\u00f1o de cierre a presi\u00f3n: Las tapas extra\u00edbles permiten un cierre f\u00e1cil y seguro de los contenedores y garantizan un almacenamiento a prueba de fugas y una f\u00e1cil limpieza.<\/span><\/h6>\n<\/li>\n \t<li class=\"a-spacing-mini\">\n<h6><span class=\"a-list-item\">DURABILIDAD Y LONGABILIDAD: Apto para horno (sin tapa) para recalentar o cocinar alimentos directamente en el recipiente. Apto para microondas (sin tapa) para un calentamiento r\u00e1pido y c\u00f3modo. Apto para lavavajillas para una limpieza y comodidad sin esfuerzo.<\/span><\/h6>\n<\/li>\n \t<li class=\"a-spacing-mini\">\n<h6><span class=\"a-list-item\">FRESCA Y CONSERVACI\u00d3N: Los recipientes de almacenamiento de preparaci\u00f3n de comidas mantienen los alimentos frescos y sabrosos, ayudando a reducir el desperdicio y ahorrar dinero. Apto para congelador, lo que te permite almacenar sobras o comidas preparadas a granel.<\/span><\/h6>\n<\/li>\n \t<li class=\"a-spacing-mini\">\n<h6><span class=\"a-list-item\">Servicio al Cliente Confiable: Si no est\u00e1 completamente satisfecho, no dude en CONTACTARNOS.<\/span><\/h6>\n<\/li>\n<\/ul>\n\t\t\t\t\t\t\t\t<\/div>\n\t\t\t\t<\/div>\n\t\t\t\t<\/div>\n\t\t\t\t\t<\/div>\n\t\t\t\t<\/div>\n\t\t<div class=\"elementor-element elementor-element-6e9a08bf e-flex e-con-boxed e-con e-parent\" data-id=\"6e9a08bf\" data-element_type=\"container\" data-settings=\"{&quot;ekit_has_onepagescroll_dot&quot;:&quot;yes&quot;}\">\n\t\t\t\t\t<div class=\"e-con-inner\">\n\t\t\t\t<div class=\"elementor-element elementor-element-29ab3472 elementor-widget elementor-widget-image\" data-id=\"29ab3472\" data-element_type=\"widget\" data-settings=\"{&quot;ekit_we_effect_on&quot;:&quot;none&quot;}\" data-widget_type=\"image.default\">\n\t\t\t\t<div class=\"elementor-widget-container\">\n\t\t\t\t\t\t\t\t\t\t\t\t\t\t\t<img decoding=\"async\" width=\"970\" height=\"600\" src=\"https:\/\/standoutworld.shop\/wp-content\/uploads\/2026\/02\/35a466ed-f6a3-4fe3-923f-5fc1f1ca8505.__CR00970600_PT0_SX970_V1___-2.jpg\" class=\"attachment-full size-full wp-image-4029 wvs-archive-product-image\" alt=\"\" srcset=\"https:\/\/standoutworld.shop\/wp-content\/uploads\/2026\/02\/35a466ed-f6a3-4fe3-923f-5fc1f1ca8505.__CR00970600_PT0_SX970_V1___-2.jpg 970w, https:\/\/standoutworld.shop\/wp-content\/uploads\/2026\/02\/35a466ed-f6a3-4fe3-923f-5fc1f1ca8505.__CR00970600_PT0_SX970_V1___-2-300x186.jpg 300w, https:\/\/standoutworld.shop\/wp-content\/uploads\/2026\/02\/35a466ed-f6a3-4fe3-923f-5fc1f1ca8505.__CR00970600_PT0_SX970_V1___-2-768x475.jpg 768w, https:\/\/standoutworld.shop\/wp-content\/uploads\/2026\/02\/35a466ed-f6a3-4fe3-923f-5fc1f1ca8505.__CR00970600_PT0_SX970_V1___-2-18x12.jpg 18w, https:\/\/standoutworld.shop\/wp-content\/uploads\/2026\/02\/35a466ed-f6a3-4fe3-923f-5fc1f1ca8505.__CR00970600_PT0_SX970_V1___-2-600x371.jpg 600w\" sizes=\"(max-width: 970px) 100vw, 970px\" \/>\t\t\t\t\t\t\t\t\t\t\t\t\t\t\t<\/div>\n\t\t\t\t<\/div>\n\t\t\t\t<div class=\"elementor-element elementor-element-6ddc2e45 elementor-widget elementor-widget-image\" data-id=\"6ddc2e45\" data-element_type=\"widget\" data-settings=\"{&quot;ekit_we_effect_on&quot;:&quot;none&quot;}\" data-widget_type=\"image.default\">\n\t\t\t\t<div class=\"elementor-widget-container\">\n\t\t\t\t\t\t\t\t\t\t\t\t\t\t\t<img decoding=\"async\" width=\"970\" height=\"600\" src=\"https:\/\/standoutworld.shop\/wp-content\/uploads\/2026\/02\/06540ce3-2f8f-4430-b39c-440b5b4bd830.__CR00970600_PT0_SX970_V1___-1.jpg\" class=\"attachment-full size-full wp-image-4030 wvs-archive-product-image\" alt=\"\" srcset=\"https:\/\/standoutworld.shop\/wp-content\/uploads\/2026\/02\/06540ce3-2f8f-4430-b39c-440b5b4bd830.__CR00970600_PT0_SX970_V1___-1.jpg 970w, https:\/\/standoutworld.shop\/wp-content\/uploads\/2026\/02\/06540ce3-2f8f-4430-b39c-440b5b4bd830.__CR00970600_PT0_SX970_V1___-1-300x186.jpg 300w, https:\/\/standoutworld.shop\/wp-content\/uploads\/2026\/02\/06540ce3-2f8f-4430-b39c-440b5b4bd830.__CR00970600_PT0_SX970_V1___-1-768x475.jpg 768w, https:\/\/standoutworld.shop\/wp-content\/uploads\/2026\/02\/06540ce3-2f8f-4430-b39c-440b5b4bd830.__CR00970600_PT0_SX970_V1___-1-18x12.jpg 18w, https:\/\/standoutworld.shop\/wp-content\/uploads\/2026\/02\/06540ce3-2f8f-4430-b39c-440b5b4bd830.__CR00970600_PT0_SX970_V1___-1-600x371.jpg 600w\" sizes=\"(max-width: 970px) 100vw, 970px\" \/>\t\t\t\t\t\t\t\t\t\t\t\t\t\t\t<\/div>\n\t\t\t\t<\/div>\n\t\t\t\t<div class=\"elementor-element elementor-element-216db818 elementor-widget elementor-widget-image\" data-id=\"216db818\" data-element_type=\"widget\" data-settings=\"{&quot;ekit_we_effect_on&quot;:&quot;none&quot;}\" data-widget_type=\"image.default\">\n\t\t\t\t<div class=\"elementor-widget-container\">\n\t\t\t\t\t\t\t\t\t\t\t\t\t\t\t<img loading=\"lazy\" decoding=\"async\" width=\"970\" height=\"600\" src=\"https:\/\/standoutworld.shop\/wp-content\/uploads\/2026\/02\/53208fd5-6ecd-429e-bda7-f18b8a99976a.__CR00970600_PT0_SX970_V1___.jpg\" class=\"attachment-full size-full wp-image-4031 wvs-archive-product-image\" alt=\"\" srcset=\"https:\/\/standoutworld.shop\/wp-content\/uploads\/2026\/02\/53208fd5-6ecd-429e-bda7-f18b8a99976a.__CR00970600_PT0_SX970_V1___.jpg 970w, https:\/\/standoutworld.shop\/wp-content\/uploads\/2026\/02\/53208fd5-6ecd-429e-bda7-f18b8a99976a.__CR00970600_PT0_SX970_V1___-300x186.jpg 300w, https:\/\/standoutworld.shop\/wp-content\/uploads\/2026\/02\/53208fd5-6ecd-429e-bda7-f18b8a99976a.__CR00970600_PT0_SX970_V1___-768x475.jpg 768w, https:\/\/standoutworld.shop\/wp-content\/uploads\/2026\/02\/53208fd5-6ecd-429e-bda7-f18b8a99976a.__CR00970600_PT0_SX970_V1___-18x12.jpg 18w, https:\/\/standoutworld.shop\/wp-content\/uploads\/2026\/02\/53208fd5-6ecd-429e-bda7-f18b8a99976a.__CR00970600_PT0_SX970_V1___-600x371.jpg 600w\" sizes=\"(max-width: 970px) 100vw, 970px\" \/>\t\t\t\t\t\t\t\t\t\t\t\t\t\t\t<\/div>\n\t\t\t\t<\/div>\n\t\t\t\t<div class=\"elementor-element elementor-element-46deaeaf elementor-widget elementor-widget-image\" data-id=\"46deaeaf\" data-element_type=\"widget\" data-settings=\"{&quot;ekit_we_effect_on&quot;:&quot;none&quot;}\" data-widget_type=\"image.default\">\n\t\t\t\t<div class=\"elementor-widget-container\">\n\t\t\t\t\t\t\t\t\t\t\t\t\t\t\t<img loading=\"lazy\" decoding=\"async\" width=\"970\" height=\"600\" src=\"https:\/\/standoutworld.shop\/wp-content\/uploads\/2026\/02\/bbe26023-309e-4a85-bd7b-3a2634e438d8.__CR00970600_PT0_SX970_V1___.jpg\" class=\"attachment-full size-full wp-image-4032 wvs-archive-product-image\" alt=\"\" srcset=\"https:\/\/standoutworld.shop\/wp-content\/uploads\/2026\/02\/bbe26023-309e-4a85-bd7b-3a2634e438d8.__CR00970600_PT0_SX970_V1___.jpg 970w, https:\/\/standoutworld.shop\/wp-content\/uploads\/2026\/02\/bbe26023-309e-4a85-bd7b-3a2634e438d8.__CR00970600_PT0_SX970_V1___-300x186.jpg 300w, https:\/\/standoutworld.shop\/wp-content\/uploads\/2026\/02\/bbe26023-309e-4a85-bd7b-3a2634e438d8.__CR00970600_PT0_SX970_V1___-768x475.jpg 768w, https:\/\/standoutworld.shop\/wp-content\/uploads\/2026\/02\/bbe26023-309e-4a85-bd7b-3a2634e438d8.__CR00970600_PT0_SX970_V1___-18x12.jpg 18w, https:\/\/standoutworld.shop\/wp-content\/uploads\/2026\/02\/bbe26023-309e-4a85-bd7b-3a2634e438d8.__CR00970600_PT0_SX970_V1___-600x371.jpg 600w\" sizes=\"(max-width: 970px) 100vw, 970px\" \/>\t\t\t\t\t\t\t\t\t\t\t\t\t\t\t<\/div>\n\t\t\t\t<\/div>\n\t\t\t\t<div class=\"elementor-element elementor-element-6580f4a9 elementor-widget elementor-widget-image\" data-id=\"6580f4a9\" data-element_type=\"widget\" data-settings=\"{&quot;ekit_we_effect_on&quot;:&quot;none&quot;}\" data-widget_type=\"image.default\">\n\t\t\t\t<div class=\"elementor-widget-container\">\n\t\t\t\t\t\t\t\t\t\t\t\t\t\t\t<img loading=\"lazy\" decoding=\"async\" width=\"970\" height=\"600\" src=\"https:\/\/standoutworld.shop\/wp-content\/uploads\/2026\/02\/cb091129-c131-4411-aca4-a47c51933371.__CR038120001237_PT0_SX970_V1___.jpg\" class=\"attachment-full size-full wp-image-4033 wvs-archive-product-image\" alt=\"\" srcset=\"https:\/\/standoutworld.shop\/wp-content\/uploads\/2026\/02\/cb091129-c131-4411-aca4-a47c51933371.__CR038120001237_PT0_SX970_V1___.jpg 970w, https:\/\/standoutworld.shop\/wp-content\/uploads\/2026\/02\/cb091129-c131-4411-aca4-a47c51933371.__CR038120001237_PT0_SX970_V1___-300x186.jpg 300w, https:\/\/standoutworld.shop\/wp-content\/uploads\/2026\/02\/cb091129-c131-4411-aca4-a47c51933371.__CR038120001237_PT0_SX970_V1___-768x475.jpg 768w, https:\/\/standoutworld.shop\/wp-content\/uploads\/2026\/02\/cb091129-c131-4411-aca4-a47c51933371.__CR038120001237_PT0_SX970_V1___-18x12.jpg 18w, https:\/\/standoutworld.shop\/wp-content\/uploads\/2026\/02\/cb091129-c131-4411-aca4-a47c51933371.__CR038120001237_PT0_SX970_V1___-600x371.jpg 600w\" sizes=\"(max-width: 970px) 100vw, 970px\" \/>\t\t\t\t\t\t\t\t\t\t\t\t\t\t\t<\/div>\n\t\t\t\t<\/div>\n\t\t\t\t<div class=\"elementor-element elementor-element-4ed879e6 elementor-widget elementor-widget-image\" data-id=\"4ed879e6\" data-element_type=\"widget\" data-settings=\"{&quot;ekit_we_effect_on&quot;:&quot;none&quot;}\" data-widget_type=\"image.default\">\n\t\t\t\t<div class=\"elementor-widget-container\">\n\t\t\t\t\t\t\t\t\t\t\t\t\t\t\t<img loading=\"lazy\" decoding=\"async\" width=\"970\" height=\"600\" src=\"https:\/\/standoutworld.shop\/wp-content\/uploads\/2026\/02\/de6b088b-387b-477b-9691-4cc21174a5d4.__CR00970600_PT0_SX970_V1___-1.jpg\" class=\"attachment-full size-full wp-image-4034 wvs-archive-product-image\" alt=\"\" srcset=\"https:\/\/standoutworld.shop\/wp-content\/uploads\/2026\/02\/de6b088b-387b-477b-9691-4cc21174a5d4.__CR00970600_PT0_SX970_V1___-1.jpg 970w, https:\/\/standoutworld.shop\/wp-content\/uploads\/2026\/02\/de6b088b-387b-477b-9691-4cc21174a5d4.__CR00970600_PT0_SX970_V1___-1-300x186.jpg 300w, https:\/\/standoutworld.shop\/wp-content\/uploads\/2026\/02\/de6b088b-387b-477b-9691-4cc21174a5d4.__CR00970600_PT0_SX970_V1___-1-768x475.jpg 768w, https:\/\/standoutworld.shop\/wp-content\/uploads\/2026\/02\/de6b088b-387b-477b-9691-4cc21174a5d4.__CR00970600_PT0_SX970_V1___-1-18x12.jpg 18w, https:\/\/standoutworld.shop\/wp-content\/uploads\/2026\/02\/de6b088b-387b-477b-9691-4cc21174a5d4.__CR00970600_PT0_SX970_V1___-1-600x371.jpg 600w\" sizes=\"(max-width: 970px) 100vw, 970px\" \/>\t\t\t\t\t\t\t\t\t\t\t\t\t\t\t<\/div>\n\t\t\t\t<\/div>\n\t\t\t\t\t<\/div>\n\t\t\t\t<\/div>\n\t\t<div class=\"elementor-element elementor-element-7645914e e-flex e-con-boxed e-con e-parent\" data-id=\"7645914e\" data-element_type=\"container\" data-settings=\"{&quot;ekit_has_onepagescroll_dot&quot;:&quot;yes&quot;}\">\n\t\t\t\t\t<div class=\"e-con-inner\">\n\t\t<div class=\"elementor-element elementor-element-670f4d51 e-con-full e-flex e-con e-child\" data-id=\"670f4d51\" data-element_type=\"container\" data-settings=\"{&quot;ekit_has_onepagescroll_dot&quot;:&quot;yes&quot;}\">\n\t\t\t\t<div class=\"elementor-element elementor-element-378688a6 elementor-widget elementor-widget-text-editor\" data-id=\"378688a6\" data-element_type=\"widget\" data-settings=\"{&quot;ekit_we_effect_on&quot;:&quot;none&quot;}\" data-widget_type=\"text-editor.default\">\n\t\t\t\t<div class=\"elementor-widget-container\">\n\t\t\t\t\t\t\t\t\t Especificaciones t\u00e9cnicas\n\n<div class=\"specs-table\">\n  <div class=\"spec-row\">\n    <div class=\"spec-label\">Usos Recomendados Para Producto<\/div>\n    <div class=\"spec-value\">Alimentos secos, Bocadillos, Comidas, Ensalada, Fruta, Pan, Pastel, Postre, Sopa, S\u00e1ndwiches, Vegetal<\/div>\n  <\/div>\n  <div class=\"spec-row\">\n    <div class=\"spec-label\">Caracter\u00edsticas especiales<\/div>\n    <div class=\"spec-value\">Herm\u00e9tico<\/div>\n  <\/div>\n  <div class=\"spec-row\">\n    <div class=\"spec-label\">Tipo de cierre<\/div>\n    <div class=\"spec-value\">Abatible<\/div>\n  <\/div>\n  <div class=\"spec-row\">\n    <div class=\"spec-label\">Se puede lavar en el lavavajillas<\/div>\n    <div class=\"spec-value\">S\u00ed<\/div>\n  <\/div>\n  <div class=\"spec-row\">\n    <div class=\"spec-label\">Peso del art\u00edculo<\/div>\n    <div class=\"spec-value\">5,83 Kilogramos<\/div>\n  <\/div>\n  <div class=\"spec-row\">\n    <div class=\"spec-label\">Instrucciones de uso<\/div>\n    <div class=\"spec-value\">Apto para el lavavajillas<\/div>\n  <\/div>\n  <div class=\"spec-row\">\n    <div class=\"spec-label\">N\u00famero de unidades<\/div>\n    <div class=\"spec-value\">12,0 Conteo<\/div>\n  <\/div>\n  <div class=\"spec-row\">\n    <div class=\"spec-label\">Apto para uso en microondas<\/div>\n    <div class=\"spec-value\">No<\/div>\n  <\/div>\n  <div class=\"spec-row\">\n    <div class=\"spec-label\">Forma del producto<\/div>\n    <div class=\"spec-value\">Recipientes con tapa (formas variadas)<\/div>\n  <\/div>\n  <div class=\"spec-row\">\n    <div class=\"spec-label\">Fabricante<\/div>\n    <div class=\"spec-value\">VIDRIER\u00cdA<\/div>\n  <\/div>\n  <div class=\"spec-row\">\n    <div class=\"spec-label\">N\u00famero de art\u00edculos<\/div>\n    <div class=\"spec-value\">12<\/div>\n  <\/div>\n  <div class=\"spec-row\">\n    <div class=\"spec-label\">Nombre del conjunto<\/div>\n    <div class=\"spec-value\">Set de preparaci\u00f3n de comidas de 12 piezas<\/div>\n  <\/div>\n  <div class=\"spec-row\">\n    <div class=\"spec-label\">Talla<\/div>\n    <div class=\"spec-value\">14,76 pulgadas<\/div>\n  <\/div>\n  <div class=\"spec-row\">\n    <div class=\"spec-label\">Dimensiones del producto<\/div>\n    <div class=\"spec-value\">14,76 x 11,4 x 7,6 pulgadas<\/div>\n  <\/div>\n  <div class=\"spec-row\">\n    <div class=\"spec-label\">N\u00famero de modelo del producto<\/div>\n    <div class=\"spec-value\">12-PLUM<\/div>\n  <\/div>\n  <div class=\"spec-row\">\n    <div class=\"spec-label\">Tama\u00f1o<\/div>\n    <div class=\"spec-value\">14,76 pulgadas<\/div>\n  <\/div>\n  <div class=\"spec-row\">\n    <div class=\"spec-label\">Componentes incluidos<\/div>\n    <div class=\"spec-value\">Funda.<\/div>\n  <\/div>\n  <div class=\"spec-row\">\n    <div class=\"spec-label\">\u00bfSe necesitan bater\u00edas?<\/div>\n    <div class=\"spec-value\">No<\/div>\n  <\/div>\n<\/div>\n\n<style>\n.specs-table {\n  width: 100%;\n  border-top: 1px solid #000;\n}\n\n.spec-row {\n  display: flex;\n  border-bottom: 1px solid #000;\n  padding: 12px 0;\n}\n\n.spec-label {\n  flex: 1;\n  font-weight: bold;\n  min-width: 200px;\n  padding-right: 20px;\n}\n\n.spec-value {\n  flex: 1;\n  min-width: 200px;\n}\n<\/style>\t\t\t\t\t\t\t\t<\/div>\n\t\t\t\t<\/div>\n\t\t\t\t<\/div>\n\t\t<div class=\"elementor-element elementor-element-6869473c e-con-full e-flex e-con e-child\" data-id=\"6869473c\" data-element_type=\"container\" data-settings=\"{&quot;ekit_has_onepagescroll_dot&quot;:&quot;yes&quot;}\">\n\t\t<div class=\"elementor-element elementor-element-793b229f e-con-full e-flex e-con e-child\" data-id=\"793b229f\" data-element_type=\"container\" data-settings=\"{&quot;ekit_has_onepagescroll_dot&quot;:&quot;yes&quot;}\">\n\t\t\t\t<div class=\"elementor-element elementor-element-56b77cf2 elementor-widget elementor-widget-image\" data-id=\"56b77cf2\" data-element_type=\"widget\" data-settings=\"{&quot;ekit_we_effect_on&quot;:&quot;none&quot;}\" data-widget_type=\"image.default\">\n\t\t\t\t<div class=\"elementor-widget-container\">\n\t\t\t\t\t\t\t\t\t\t\t\t\t\t\t<img loading=\"lazy\" decoding=\"async\" width=\"300\" height=\"300\" src=\"https:\/\/standoutworld.shop\/wp-content\/uploads\/2026\/02\/cc3d83de-b336-43ba-889b-18f28301c6a9.__CR0020002000_PT0_SX300_V1___.jpg\" class=\"attachment-full size-full wp-image-4035 wvs-archive-product-image\" alt=\"\" srcset=\"https:\/\/standoutworld.shop\/wp-content\/uploads\/2026\/02\/cc3d83de-b336-43ba-889b-18f28301c6a9.__CR0020002000_PT0_SX300_V1___.jpg 300w, https:\/\/standoutworld.shop\/wp-content\/uploads\/2026\/02\/cc3d83de-b336-43ba-889b-18f28301c6a9.__CR0020002000_PT0_SX300_V1___-150x150.jpg 150w, https:\/\/standoutworld.shop\/wp-content\/uploads\/2026\/02\/cc3d83de-b336-43ba-889b-18f28301c6a9.__CR0020002000_PT0_SX300_V1___-12x12.jpg 12w, https:\/\/standoutworld.shop\/wp-content\/uploads\/2026\/02\/cc3d83de-b336-43ba-889b-18f28301c6a9.__CR0020002000_PT0_SX300_V1___-100x100.jpg 100w, https:\/\/standoutworld.shop\/wp-content\/uploads\/2026\/02\/cc3d83de-b336-43ba-889b-18f28301c6a9.__CR0020002000_PT0_SX300_V1___-50x50.jpg 50w\" sizes=\"(max-width: 300px) 100vw, 300px\" \/>\t\t\t\t\t\t\t\t\t\t\t\t\t\t\t<\/div>\n\t\t\t\t<\/div>\n\t\t\t\t<\/div>\n\t\t<div class=\"elementor-element elementor-element-2be9ca7 e-con-full e-flex e-con e-child\" data-id=\"2be9ca7\" data-element_type=\"container\" data-settings=\"{&quot;ekit_has_onepagescroll_dot&quot;:&quot;yes&quot;}\">\n\t\t\t\t<div class=\"elementor-element elementor-element-6c816dd1 elementor-widget elementor-widget-text-editor\" data-id=\"6c816dd1\" data-element_type=\"widget\" data-settings=\"{&quot;ekit_we_effect_on&quot;:&quot;none&quot;}\" data-widget_type=\"text-editor.default\">\n\t\t\t\t<div class=\"elementor-widget-container\">\n\t\t\t\t\t\t\t\t\t<h4 class=\"a-spacing-mini\">Microondas (no las tapas), apto para congelador<\/h4><p>Nuestros recipientes de almacenamiento de vidrio est\u00e1n hechos de vidrio de borosilicato de alta calidad, que son aptos para microondas, puedes utilizarlos para almacenamiento en congelador, microondas (no las tapas) y lavavajillas.<\/p>\t\t\t\t\t\t\t\t<\/div>\n\t\t\t\t<\/div>\n\t\t\t\t<\/div>\n\t\t\t\t<\/div>\n\t\t\t\t\t<\/div>\n\t\t\t\t<\/div>\n\t\t\t\t<\/div>","protected":false},"excerpt":{"rendered":"<p>Multiusos: incluye 5 recipientes grandes de 32 onzas y 5 recipientes peque\u00f1os de 12 onzas para opciones de almacenamiento vers\u00e1tiles. Ideal para preparar comidas, sobras y almacenar varios alimentos para su uso en la cocina, la oficina o sobre la marcha. Dise\u00f1o de cierre a presi\u00f3n: Las tapas extra\u00edbles permiten un cierre f\u00e1cil y seguro [...]<\/p>","protected":false},"featured_media":2076,"comment_status":"open","ping_status":"closed","template":"","meta":{"_acf_changed":false},"product_brand":[],"product_cat":[35],"product_tag":[],"class_list":{"0":"post-2075","1":"product","2":"type-product","3":"status-publish","4":"has-post-thumbnail","6":"product_cat-sale","8":"first","9":"instock","10":"sale","11":"shipping-taxable","12":"purchasable","13":"product-type-simple"},"acf":[],"_links":{"self":[{"href":"https:\/\/standoutworld.shop\/es\/wp-json\/wp\/v2\/product\/2075","targetHints":{"allow":["GET"]}}],"collection":[{"href":"https:\/\/standoutworld.shop\/es\/wp-json\/wp\/v2\/product"}],"about":[{"href":"https:\/\/standoutworld.shop\/es\/wp-json\/wp\/v2\/types\/product"}],"replies":[{"embeddable":true,"href":"https:\/\/standoutworld.shop\/es\/wp-json\/wp\/v2\/comments?post=2075"}],"version-history":[{"count":6,"href":"https:\/\/standoutworld.shop\/es\/wp-json\/wp\/v2\/product\/2075\/revisions"}],"predecessor-version":[{"id":4043,"href":"https:\/\/standoutworld.shop\/es\/wp-json\/wp\/v2\/product\/2075\/revisions\/4043"}],"wp:featuredmedia":[{"embeddable":true,"href":"https:\/\/standoutworld.shop\/es\/wp-json\/wp\/v2\/media\/2076"}],"wp:attachment":[{"href":"https:\/\/standoutworld.shop\/es\/wp-json\/wp\/v2\/media?parent=2075"}],"wp:term":[{"taxonomy":"product_brand","embeddable":true,"href":"https:\/\/standoutworld.shop\/es\/wp-json\/wp\/v2\/product_brand?post=2075"},{"taxonomy":"product_cat","embeddable":true,"href":"https:\/\/standoutworld.shop\/es\/wp-json\/wp\/v2\/product_cat?post=2075"},{"taxonomy":"product_tag","embeddable":true,"href":"https:\/\/standoutworld.shop\/es\/wp-json\/wp\/v2\/product_tag?post=2075"}],"curies":[{"name":"wp","href":"https:\/\/api.w.org\/{rel}","templated":true}]}}