{"id":4689,"date":"2026-04-11T02:47:36","date_gmt":"2026-04-11T02:47:36","guid":{"rendered":"https:\/\/standoutworld.shop\/?post_type=product&#038;p=4689"},"modified":"2026-04-11T03:28:45","modified_gmt":"2026-04-11T03:28:45","slug":"baliza-v16-conectada-a-dgt-3-0-luz-emergencia-con-led-indicador-homologado-por-dgt-ventosa-sujecion-aluminio-cristal","status":"publish","type":"product","link":"https:\/\/standoutworld.shop\/es\/producto\/baliza-v16-conectada-a-dgt-3-0-luz-emergencia-con-led-indicador-homologado-por-dgt-ventosa-sujecion-aluminio-cristal\/","title":{"rendered":"Baliza V16 | Conectada a DGT 3.0  | Luz Emergencia con Led indicador Homologado por DGT | Ventosa sujecion Aluminio\/Cristal."},"content":{"rendered":"<div data-elementor-type=\"product-post\" data-elementor-id=\"4689\" class=\"elementor elementor-4689\" data-elementor-post-type=\"product\">\n\t\t\t\t<div class=\"elementor-element elementor-element-41c38897 e-flex e-con-boxed e-con e-parent\" data-id=\"41c38897\" data-element_type=\"container\" data-settings=\"{&quot;ekit_has_onepagescroll_dot&quot;:&quot;yes&quot;}\">\n\t\t\t\t\t<div class=\"e-con-inner\">\n\t\t\t\t<div class=\"elementor-element elementor-element-3fd98753 elementor-widget elementor-widget-image\" data-id=\"3fd98753\" data-element_type=\"widget\" data-settings=\"{&quot;ekit_we_effect_on&quot;:&quot;none&quot;}\" data-widget_type=\"image.default\">\n\t\t\t\t<div class=\"elementor-widget-container\">\n\t\t\t\t\t\t\t\t\t\t\t\t\t\t\t<img fetchpriority=\"high\" decoding=\"async\" width=\"1600\" height=\"656\" src=\"https:\/\/standoutworld.shop\/wp-content\/uploads\/2026\/04\/IMG_20260402_094344-scaled-1.png\" class=\"attachment-full size-full wp-image-4700 wvs-archive-product-image\" alt=\"\" srcset=\"https:\/\/standoutworld.shop\/wp-content\/uploads\/2026\/04\/IMG_20260402_094344-scaled-1.png 1600w, https:\/\/standoutworld.shop\/wp-content\/uploads\/2026\/04\/IMG_20260402_094344-scaled-1-300x123.png 300w, https:\/\/standoutworld.shop\/wp-content\/uploads\/2026\/04\/IMG_20260402_094344-scaled-1-1024x420.png 1024w, https:\/\/standoutworld.shop\/wp-content\/uploads\/2026\/04\/IMG_20260402_094344-scaled-1-768x315.png 768w, https:\/\/standoutworld.shop\/wp-content\/uploads\/2026\/04\/IMG_20260402_094344-scaled-1-1536x630.png 1536w, https:\/\/standoutworld.shop\/wp-content\/uploads\/2026\/04\/IMG_20260402_094344-scaled-1-18x7.png 18w, https:\/\/standoutworld.shop\/wp-content\/uploads\/2026\/04\/IMG_20260402_094344-scaled-1-600x246.png 600w\" sizes=\"(max-width: 1600px) 100vw, 1600px\" \/>\t\t\t\t\t\t\t\t\t\t\t\t\t\t\t<\/div>\n\t\t\t\t<\/div>\n\t\t\t\t<div class=\"elementor-element elementor-element-5e438ee8 elementor-widget elementor-widget-heading\" data-id=\"5e438ee8\" data-element_type=\"widget\" data-settings=\"{&quot;ekit_we_effect_on&quot;:&quot;none&quot;}\" data-widget_type=\"heading.default\">\n\t\t\t\t<div class=\"elementor-widget-container\">\n\t\t\t\t\t<h2 class=\"elementor-heading-title elementor-size-default\">Baliza V16\uff1aTu Faro de Seguridad en la Carretera<\/h2>\t\t\t\t<\/div>\n\t\t\t\t<\/div>\n\t\t\t\t<div class=\"elementor-element elementor-element-150f32c7 elementor-widget elementor-widget-text-editor\" data-id=\"150f32c7\" data-element_type=\"widget\" data-settings=\"{&quot;ekit_we_effect_on&quot;:&quot;none&quot;}\" data-widget_type=\"text-editor.default\">\n\t\t\t\t<div class=\"elementor-widget-container\">\n\t\t\t\t\t\t\t\t\t<p>Cumple con la normativa de la DGT para veh\u00edculos en Espa\u00f1a. Sustituye a los tri\u00e1ngulos de emergencia tradicionales, permiti\u00e9ndote se\u00f1alizar peligros sin bajarte del coche, evitando situaciones de riesgo en autov\u00edas.<\/p>\t\t\t\t\t\t\t\t<\/div>\n\t\t\t\t<\/div>\n\t\t\t\t\t<\/div>\n\t\t\t\t<\/div>\n\t\t<div class=\"elementor-element elementor-element-5807108 e-flex e-con-boxed e-con e-parent\" data-id=\"5807108\" data-element_type=\"container\" data-settings=\"{&quot;ekit_has_onepagescroll_dot&quot;:&quot;yes&quot;}\">\n\t\t\t\t\t<div class=\"e-con-inner\">\n\t\t\t\t<div class=\"elementor-element elementor-element-251f6aae elementor--h-position-center elementor--v-position-middle elementor-arrows-position-inside elementor-pagination-position-inside elementor-widget elementor-widget-slides\" data-id=\"251f6aae\" data-element_type=\"widget\" data-settings=\"{&quot;navigation&quot;:&quot;both&quot;,&quot;autoplay&quot;:&quot;yes&quot;,&quot;pause_on_hover&quot;:&quot;yes&quot;,&quot;pause_on_interaction&quot;:&quot;yes&quot;,&quot;autoplay_speed&quot;:5000,&quot;infinite&quot;:&quot;yes&quot;,&quot;transition&quot;:&quot;slide&quot;,&quot;transition_speed&quot;:500,&quot;ekit_we_effect_on&quot;:&quot;none&quot;}\" data-widget_type=\"slides.default\">\n\t\t\t\t<div class=\"elementor-widget-container\">\n\t\t\t\t\t\t\t\t\t<div class=\"elementor-swiper\">\n\t\t\t\t\t<div class=\"elementor-slides-wrapper elementor-main-swiper swiper\" role=\"region\" aria-roledescription=\"carousel\" aria-label=\"Diapositivas\" dir=\"ltr\" data-animation=\"fadeInUp\">\n\t\t\t\t<div class=\"swiper-wrapper elementor-slides\">\n\t\t\t\t\t\t\t\t\t\t<div class=\"elementor-repeater-item-10dbff4 swiper-slide\" role=\"group\" aria-roledescription=\"slide\"><div class=\"swiper-slide-bg\" role=\"img\"><\/div><div class=\"swiper-slide-inner\" ><div class=\"swiper-slide-contents\"><\/div><\/div><\/div><div class=\"elementor-repeater-item-515494a swiper-slide\" role=\"group\" aria-roledescription=\"slide\"><div class=\"swiper-slide-bg\" role=\"img\"><\/div><div class=\"swiper-slide-inner\" ><div class=\"swiper-slide-contents\"><\/div><\/div><\/div><div class=\"elementor-repeater-item-a5f2b2c swiper-slide\" role=\"group\" aria-roledescription=\"slide\"><div class=\"swiper-slide-bg\" role=\"img\"><\/div><div class=\"swiper-slide-inner\" ><div class=\"swiper-slide-contents\"><\/div><\/div><\/div>\t\t\t\t<\/div>\n\t\t\t\t\t\t\t\t\t\t\t\t\t\t\t<div class=\"elementor-swiper-button elementor-swiper-button-prev\" role=\"button\" tabindex=\"0\" aria-label=\"Diapositiva anterior\" data-no-translation-aria-label=\"\">\n\t\t\t\t\t\t\t<svg aria-hidden=\"true\" class=\"e-font-icon-svg e-eicon-chevron-left\" viewbox=\"0 0 1000 1000\" xmlns=\"http:\/\/www.w3.org\/2000\/svg\"><path d=\"M646 125C629 125 613 133 604 142L308 442C296 454 292 471 292 487 292 504 296 521 308 533L604 854C617 867 629 875 646 875 663 875 679 871 692 858 704 846 713 829 713 812 713 796 708 779 692 767L438 487 692 225C700 217 708 204 708 187 708 171 704 154 692 142 675 129 663 125 646 125Z\"><\/path><\/svg>\t\t\t\t\t\t<\/div>\n\t\t\t\t\t\t<div class=\"elementor-swiper-button elementor-swiper-button-next\" role=\"button\" tabindex=\"0\" aria-label=\"Siguiente diapositiva\" data-no-translation-aria-label=\"\">\n\t\t\t\t\t\t\t<svg aria-hidden=\"true\" class=\"e-font-icon-svg e-eicon-chevron-right\" viewbox=\"0 0 1000 1000\" xmlns=\"http:\/\/www.w3.org\/2000\/svg\"><path d=\"M696 533C708 521 713 504 713 487 713 471 708 454 696 446L400 146C388 133 375 125 354 125 338 125 325 129 313 142 300 154 292 171 292 187 292 204 296 221 308 233L563 492 304 771C292 783 288 800 288 817 288 833 296 850 308 863 321 871 338 875 354 875 371 875 388 867 400 854L696 533Z\"><\/path><\/svg>\t\t\t\t\t\t<\/div>\n\t\t\t\t\t\t\t\t\t\t\t\t\t\t\t\t<div class=\"swiper-pagination\"><\/div>\n\t\t\t\t\t\t\t\t\t\t\t\t<\/div>\n\t\t\t\t<\/div>\n\t\t\t\t\t\t\t\t<\/div>\n\t\t\t\t<\/div>\n\t\t\t\t\t<\/div>\n\t\t\t\t<\/div>\n\t\t<div class=\"elementor-element elementor-element-54b84a37 e-flex e-con-boxed e-con e-parent\" data-id=\"54b84a37\" data-element_type=\"container\" data-settings=\"{&quot;ekit_has_onepagescroll_dot&quot;:&quot;yes&quot;}\">\n\t\t\t\t\t<div class=\"e-con-inner\">\n\t\t\t\t<div class=\"elementor-element elementor-element-5177abd6 elementor-widget elementor-widget-image\" data-id=\"5177abd6\" data-element_type=\"widget\" data-settings=\"{&quot;ekit_we_effect_on&quot;:&quot;none&quot;}\" data-widget_type=\"image.default\">\n\t\t\t\t<div class=\"elementor-widget-container\">\n\t\t\t\t\t\t\t\t\t\t\t\t\t\t\t<img decoding=\"async\" width=\"1600\" height=\"656\" src=\"https:\/\/standoutworld.shop\/wp-content\/uploads\/2026\/04\/IMG_20260402_094246-scaled-1.png\" class=\"attachment-full size-full wp-image-4703 wvs-archive-product-image\" alt=\"\" srcset=\"https:\/\/standoutworld.shop\/wp-content\/uploads\/2026\/04\/IMG_20260402_094246-scaled-1.png 1600w, https:\/\/standoutworld.shop\/wp-content\/uploads\/2026\/04\/IMG_20260402_094246-scaled-1-300x123.png 300w, https:\/\/standoutworld.shop\/wp-content\/uploads\/2026\/04\/IMG_20260402_094246-scaled-1-1024x420.png 1024w, https:\/\/standoutworld.shop\/wp-content\/uploads\/2026\/04\/IMG_20260402_094246-scaled-1-768x315.png 768w, https:\/\/standoutworld.shop\/wp-content\/uploads\/2026\/04\/IMG_20260402_094246-scaled-1-1536x630.png 1536w, https:\/\/standoutworld.shop\/wp-content\/uploads\/2026\/04\/IMG_20260402_094246-scaled-1-18x7.png 18w, https:\/\/standoutworld.shop\/wp-content\/uploads\/2026\/04\/IMG_20260402_094246-scaled-1-600x246.png 600w\" sizes=\"(max-width: 1600px) 100vw, 1600px\" \/>\t\t\t\t\t\t\t\t\t\t\t\t\t\t\t<\/div>\n\t\t\t\t<\/div>\n\t\t\t\t<div class=\"elementor-element elementor-element-2f4265db elementor-widget elementor-widget-heading\" data-id=\"2f4265db\" data-element_type=\"widget\" data-settings=\"{&quot;ekit_we_effect_on&quot;:&quot;none&quot;}\" data-widget_type=\"heading.default\">\n\t\t\t\t<div class=\"elementor-widget-container\">\n\t\t\t\t\t<h2 class=\"elementor-heading-title elementor-size-default\">Instalaci\u00f3n Magn\u00e9tica y Autoadhesiva<\/h2>\t\t\t\t<\/div>\n\t\t\t\t<\/div>\n\t\t\t\t<div class=\"elementor-element elementor-element-40d1cad2 elementor-widget elementor-widget-heading\" data-id=\"40d1cad2\" data-element_type=\"widget\" data-settings=\"{&quot;ekit_we_effect_on&quot;:&quot;none&quot;}\" data-widget_type=\"heading.default\">\n\t\t\t\t<div class=\"elementor-widget-container\">\n\t\t\t\t\t<h2 class=\"elementor-heading-title elementor-size-default\">Visibilidad 360\u00b0 y Alta Luminosidad \/ 360\u00b0 <\/h2>\t\t\t\t<\/div>\n\t\t\t\t<\/div>\n\t\t\t\t<div class=\"elementor-element elementor-element-1399f999 elementor-widget elementor-widget-text-editor\" data-id=\"1399f999\" data-element_type=\"widget\" data-settings=\"{&quot;ekit_we_effect_on&quot;:&quot;none&quot;}\" data-widget_type=\"text-editor.default\">\n\t\t\t\t<div class=\"elementor-widget-container\">\n\t\t\t\t\t\t\t\t\t<p>Base con potente im\u00e1n y opci\u00f3n adhesiva. Se adhiere al techo o la carrocer\u00eda en segundos. Con conexi\u00f3n a 12V, una vez colocada, siempre est\u00e1 lista para usar sin necesidad de buscar pilas.<\/p><p>Luz LED de 360 grados con tecnolog\u00eda de destello sincronizado. Visible a larga distancia incluso en condiciones de niebla, lluvia intensa o noche cerrada, superando ampliamente la visibilidad de los tri\u00e1ngulos reflectantes.<\/p>\t\t\t\t\t\t\t\t<\/div>\n\t\t\t\t<\/div>\n\t\t\t\t<div class=\"elementor-element elementor-element-1394d0ee elementor-widget elementor-widget-image\" data-id=\"1394d0ee\" data-element_type=\"widget\" data-settings=\"{&quot;ekit_we_effect_on&quot;:&quot;none&quot;}\" data-widget_type=\"image.default\">\n\t\t\t\t<div class=\"elementor-widget-container\">\n\t\t\t\t\t\t\t\t\t\t\t\t\t\t\t<img decoding=\"async\" width=\"800\" height=\"328\" src=\"https:\/\/standoutworld.shop\/wp-content\/uploads\/2026\/04\/IMG_20260402_094409-scaled-1-1024x420.png\" class=\"attachment-large size-large wp-image-4704 wvs-archive-product-image\" alt=\"\" srcset=\"https:\/\/standoutworld.shop\/wp-content\/uploads\/2026\/04\/IMG_20260402_094409-scaled-1-1024x420.png 1024w, https:\/\/standoutworld.shop\/wp-content\/uploads\/2026\/04\/IMG_20260402_094409-scaled-1-300x123.png 300w, https:\/\/standoutworld.shop\/wp-content\/uploads\/2026\/04\/IMG_20260402_094409-scaled-1-768x315.png 768w, https:\/\/standoutworld.shop\/wp-content\/uploads\/2026\/04\/IMG_20260402_094409-scaled-1-1536x630.png 1536w, https:\/\/standoutworld.shop\/wp-content\/uploads\/2026\/04\/IMG_20260402_094409-scaled-1-18x7.png 18w, https:\/\/standoutworld.shop\/wp-content\/uploads\/2026\/04\/IMG_20260402_094409-scaled-1-600x246.png 600w, https:\/\/standoutworld.shop\/wp-content\/uploads\/2026\/04\/IMG_20260402_094409-scaled-1.png 1600w\" sizes=\"(max-width: 800px) 100vw, 800px\" \/>\t\t\t\t\t\t\t\t\t\t\t\t\t\t\t<\/div>\n\t\t\t\t<\/div>\n\t\t\t\t<div class=\"elementor-element elementor-element-72606063 elementor-widget elementor-widget-heading\" data-id=\"72606063\" data-element_type=\"widget\" data-settings=\"{&quot;ekit_we_effect_on&quot;:&quot;none&quot;}\" data-widget_type=\"heading.default\">\n\t\t\t\t<div class=\"elementor-widget-container\">\n\t\t\t\t\t<h2 class=\"elementor-heading-title elementor-size-default\">Dise\u00f1o Resistente y Funcional <\/h2>\t\t\t\t<\/div>\n\t\t\t\t<\/div>\n\t\t\t\t<div class=\"elementor-element elementor-element-1878e66d elementor-widget elementor-widget-heading\" data-id=\"1878e66d\" data-element_type=\"widget\" data-settings=\"{&quot;ekit_we_effect_on&quot;:&quot;none&quot;}\" data-widget_type=\"heading.default\">\n\t\t\t\t<div class=\"elementor-widget-container\">\n\t\t\t\t\t<h2 class=\"elementor-heading-title elementor-size-default\">Geolocalizaci\u00f3n y Conectividad<\/h2>\t\t\t\t<\/div>\n\t\t\t\t<\/div>\n\t\t\t\t<div class=\"elementor-element elementor-element-5e56dacd elementor-widget elementor-widget-text-editor\" data-id=\"5e56dacd\" data-element_type=\"widget\" data-settings=\"{&quot;ekit_we_effect_on&quot;:&quot;none&quot;}\" data-widget_type=\"text-editor.default\">\n\t\t\t\t<div class=\"elementor-widget-container\">\n\t\t\t\t\t\t\t\t\t<p>Fabricado con materiales resistentes al agua y a altas temperaturas. Su dise\u00f1o compacto no estorba en el salpicadero o en la guantera. Conexi\u00f3n plug &amp; play: solo con enchufarlo al mechero del coche, funciona autom\u00e1ticamente.<\/p><p>Modelo conectado con GPS y geolocalizaci\u00f3n. En caso de aver\u00eda o accidente, la baliza env\u00eda autom\u00e1ticamente tu ubicaci\u00f3n exacta a la plataforma de la DGT y otros conductores, agilizando la asistencia y advirtiendo al resto del tr\u00e1fico con antelaci\u00f3n.<\/p>\t\t\t\t\t\t\t\t<\/div>\n\t\t\t\t<\/div>\n\t\t\t\t\t<\/div>\n\t\t\t\t<\/div>\n\t\t<div class=\"elementor-element elementor-element-4099750d e-flex e-con-boxed e-con e-parent\" data-id=\"4099750d\" data-element_type=\"container\" data-settings=\"{&quot;ekit_has_onepagescroll_dot&quot;:&quot;yes&quot;}\">\n\t\t\t\t\t<div class=\"e-con-inner\">\n\t\t\t\t<div class=\"elementor-element elementor-element-41671bb8 elementor-widget elementor-widget-text-editor\" data-id=\"41671bb8\" data-element_type=\"widget\" data-settings=\"{&quot;ekit_we_effect_on&quot;:&quot;none&quot;}\" data-widget_type=\"text-editor.default\">\n\t\t\t\t<div class=\"elementor-widget-container\">\n\t\t\t\t\t\t\t\t\t<div class=\"elementor-widget-container\">\n    # Features &#038; Specs\n\n    <div class=\"product-table\">\n        <div class=\"product-row\">\n            <div class=\"product-label\">Specific Uses For Product<\/div>\n            <div class=\"product-value\">Beacon v16 Connected and approved by DGT 3.0, IDIADA PC25060215 Certificate, LED Indicator To verify that the device is connected and operational.<\/div>\n        <\/div>\n        <div class=\"product-row\">\n            <div class=\"product-label\">Light Source<\/div>\n            <div class=\"product-value\">LED<\/div>\n        <\/div>\n        <div class=\"product-row\">\n            <div class=\"product-label\">Compatible with Vehicle Type<\/div>\n            <div class=\"product-value\">Bus, Car, Motorcycle, Truck, Van<\/div>\n        <\/div>\n        <div class=\"product-row\">\n            <div class=\"product-label\">Special Features<\/div>\n            <div class=\"product-value\">Corrosion Resistant, Dustproof, Waterproof<\/div>\n        <\/div>\n        <div class=\"product-row\">\n            <div class=\"product-label\">Voltage<\/div>\n            <div class=\"product-value\">9 Volts<\/div>\n        <\/div>\n        <div class=\"product-row\">\n            <div class=\"product-label\">Auto Part Position<\/div>\n            <div class=\"product-value\">Front Left, Front Right<\/div>\n        <\/div>\n    <\/div>\n\n    <style>\n        .product-table {\n            width: 100%;\n            border-top: 1px solid #000;\n            font-family: Arial, sans-serif;\n        }\n\n        .product-row {\n            display: flex;\n            border-bottom: 1px solid #000;\n            padding: 12px 0;\n        }\n\n        .product-label {\n            flex: 1;\n            font-weight: bold;\n            min-width: 200px;\n            padding-right: 20px;\n        }\n\n        .product-value {\n            flex: 1;\n            min-width: 200px;\n        }\n    <\/style>\n<\/div>\t\t\t\t\t\t\t\t<\/div>\n\t\t\t\t<\/div>\n\t\t\t\t\t<\/div>\n\t\t\t\t<\/div>\n\t\t\t\t<\/div>","protected":false},"excerpt":{"rendered":"<h1 class=\"a-size-base-plus a-text-bold\">Acerca de este art\u00edculo<\/h1>\n<ul class=\"a-unordered-list a-vertical a-spacing-mini\">\n<li class=\"a-spacing-mini\"><span class=\"a-list-item\">\u200bThe V16 Beacon | 2nd GENERATION with Geolocation DGT 3.0 with Indicator Light. \u200bThis V16 light with built-in Geolocator sends your real-time position to the DGT, ensuring you can be located quickly and efficiently | Emits visible light over 1km in 360\u00b0 | Wind Resistance | IP54 Water Resistance.<\/span><\/li>\n<\/ul>","protected":false},"featured_media":4693,"comment_status":"open","ping_status":"closed","template":"","meta":{"_acf_changed":false},"product_brand":[],"product_cat":[35],"product_tag":[],"class_list":{"0":"post-4689","1":"product","2":"type-product","3":"status-publish","4":"has-post-thumbnail","6":"product_cat-sale","8":"first","9":"instock","10":"sale","11":"shipping-taxable","12":"purchasable","13":"product-type-variable","14":"has-default-attributes","15":"wvs-archive-product-wrapper"},"acf":[],"_links":{"self":[{"href":"https:\/\/standoutworld.shop\/es\/wp-json\/wp\/v2\/product\/4689","targetHints":{"allow":["GET"]}}],"collection":[{"href":"https:\/\/standoutworld.shop\/es\/wp-json\/wp\/v2\/product"}],"about":[{"href":"https:\/\/standoutworld.shop\/es\/wp-json\/wp\/v2\/types\/product"}],"replies":[{"embeddable":true,"href":"https:\/\/standoutworld.shop\/es\/wp-json\/wp\/v2\/comments?post=4689"}],"version-history":[{"count":4,"href":"https:\/\/standoutworld.shop\/es\/wp-json\/wp\/v2\/product\/4689\/revisions"}],"predecessor-version":[{"id":4712,"href":"https:\/\/standoutworld.shop\/es\/wp-json\/wp\/v2\/product\/4689\/revisions\/4712"}],"wp:featuredmedia":[{"embeddable":true,"href":"https:\/\/standoutworld.shop\/es\/wp-json\/wp\/v2\/media\/4693"}],"wp:attachment":[{"href":"https:\/\/standoutworld.shop\/es\/wp-json\/wp\/v2\/media?parent=4689"}],"wp:term":[{"taxonomy":"product_brand","embeddable":true,"href":"https:\/\/standoutworld.shop\/es\/wp-json\/wp\/v2\/product_brand?post=4689"},{"taxonomy":"product_cat","embeddable":true,"href":"https:\/\/standoutworld.shop\/es\/wp-json\/wp\/v2\/product_cat?post=4689"},{"taxonomy":"product_tag","embeddable":true,"href":"https:\/\/standoutworld.shop\/es\/wp-json\/wp\/v2\/product_tag?post=4689"}],"curies":[{"name":"wp","href":"https:\/\/api.w.org\/{rel}","templated":true}]}}